{"id":1894,"date":"2017-11-27T08:55:26","date_gmt":"2017-11-27T11:55:26","guid":{"rendered":"https:\/\/ihp.crp.ufv.br\/?page_id=1894"},"modified":"2025-03-26T09:39:40","modified_gmt":"2025-03-26T12:39:40","slug":"o-que-e","status":"publish","type":"page","link":"https:\/\/ihp.crp.ufv.br\/?page_id=1894","title":{"rendered":"O Instituto"},"content":{"rendered":"<h4><strong><a href=\"https:\/\/ihp.crp.ufv.br\/?page_id=2513\">Apresenta\u00e7\u00e3o<\/a><\/strong><\/h4>\n<h4><strong><a href=\"https:\/\/ihp.crp.ufv.br\/?page_id=2536\">Estrutura Organizacional<\/a><\/strong><\/h4>\n<h4><a href=\"https:\/\/ihp.crp.ufv.br\/wp-content\/uploads\/Regimento-Institutos-de-Ciencias-CAF-e-CRP-11_10_2013-final.pdf\"><strong>Regimento Interno<\/strong><\/a><\/h4>\n<h4><a href=\"https:\/\/ihp.crp.ufv.br\/?page_id=2746\"><strong>Cursos<\/strong><\/a><\/h4>\n<h4><a href=\"https:\/\/ihp.crp.ufv.br\/?page_id=2753\"><strong>Chefia<\/strong><\/a><\/h4>\n<h4><a href=\"https:\/\/ihp.crp.ufv.br\/?page_id=3005\"><strong>Docentes<\/strong><\/a><\/h4>\n<h4><a href=\"https:\/\/ihp.crp.ufv.br\/?page_id=3012\"><strong>T\u00e9cnicos Administrativos<\/strong><\/a><\/h4>\n","protected":false},"excerpt":{"rendered":"<p>Apresenta\u00e7\u00e3o Estrutura Organizacional Regimento Interno Cursos Chefia Docentes T\u00e9cnicos Administrativos<\/p>\n","protected":false},"author":1,"featured_media":0,"parent":0,"menu_order":0,"comment_status":"closed","ping_status":"closed","template":"","meta":{"footnotes":""},"class_list":["post-1894","page","type-page","status-publish","hentry"],"_links":{"self":[{"href":"https:\/\/ihp.crp.ufv.br\/index.php?rest_route=\/wp\/v2\/pages\/1894","targetHints":{"allow":["GET"]}}],"collection":[{"href":"https:\/\/ihp.crp.ufv.br\/index.php?rest_route=\/wp\/v2\/pages"}],"about":[{"href":"https:\/\/ihp.crp.ufv.br\/index.php?rest_route=\/wp\/v2\/types\/page"}],"author":[{"embeddable":true,"href":"https:\/\/ihp.crp.ufv.br\/index.php?rest_route=\/wp\/v2\/users\/1"}],"replies":[{"embeddable":true,"href":"https:\/\/ihp.crp.ufv.br\/index.php?rest_route=%2Fwp%2Fv2%2Fcomments&post=1894"}],"version-history":[{"count":22,"href":"https:\/\/ihp.crp.ufv.br\/index.php?rest_route=\/wp\/v2\/pages\/1894\/revisions"}],"predecessor-version":[{"id":3074,"href":"https:\/\/ihp.crp.ufv.br\/index.php?rest_route=\/wp\/v2\/pages\/1894\/revisions\/3074"}],"wp:attachment":[{"href":"https:\/\/ihp.crp.ufv.br\/index.php?rest_route=%2Fwp%2Fv2%2Fmedia&parent=1894"}],"curies":[{"name":"wp","href":"https:\/\/api.w.org\/{rel}","templated":true}]}}