{"id":2216,"date":"2019-11-21T09:22:23","date_gmt":"2019-11-21T12:22:23","guid":{"rendered":"https:\/\/ihp.crp.ufv.br\/?page_id=2216"},"modified":"2023-10-05T16:15:08","modified_gmt":"2023-10-05T19:15:08","slug":"menu02","status":"publish","type":"page","link":"https:\/\/ihp.crp.ufv.br\/?page_id=2216","title":{"rendered":"Comiss\u00f5es Internas"},"content":{"rendered":"\n<p class=\"has-text-color has-vivid-cyan-blue-color\"><strong>Comiss\u00e3o de Ensino &#8211; ATO 08\/2023\/IHP, DE 20\/06\/2023:<\/strong><\/p>\n\n\n\n<p>Ros\u00e1lia Rodrigues Alves Soares, 11394-8\/UFV   (Presidente) <br \/>F\u00e1bio Andr\u00e9 Teixeira, 11130-9\/UFV  ;<br \/>\u00c1urea L\u00facia Silva Andrade, 10074-9\/UFV . <br \/><\/p>\n\n\n\n<p class=\"has-text-color has-vivid-cyan-blue-color\"><strong>Comiss\u00e3o de Avalia\u00e7\u00e3o de Est\u00e1gio Probat\u00f3rio dos Docentes do IHP-<\/strong> <br \/><strong>ATO 42\/2022\/IHP, DE 07\/07\/2022.<\/strong> <\/p>\n\n\n\n<p>Cristiano Pacheco de Deus Mundim, 10321-7\/UFV  (presidente);<br \/>Michele Morais Oliveira Pereira, 11615-7\/UFV.<br \/>Ney Paulo Moreira, 8746-7\/UFV ;<br \/>Rosiane Maria Lima Gon\u00e7alves, 8643-6\/UFV (orientador).<\/p>\n\n\n\n<p class=\"has-text-color has-vivid-cyan-blue-color\"> <strong>Comiss\u00e3o de Avalia\u00e7\u00e3o de Progress\u00e3o e Promo\u00e7\u00e3o<\/strong> <strong> dos Docentes do IHP \u2013 ATO 02\/2022\/IHP, DE 11\/02\/2022.<\/strong><\/p>\n\n\n\n<p>Edson Rodrigo De Almeida, 11120-1\/UFV  (presidente);<br \/>Jo\u00e3o Alfredo Costa de Campos Melo J\u00fanior, 8878-1\/UFV ;<br \/>Walter Luiz dos Santos J\u00fanior, 10297-0\/UFV   <br \/>Ricardo Freitas Martins da Costa, matr\u00edculas 10532-5\/UFV; (SUPLENTE) <\/p>\n\n\n\n<p class=\"has-text-color has-vivid-cyan-blue-color\"><a rel=\"noreferrer noopener\" href=\"https:\/\/ibp.crp.ufv.br\/wp-content\/uploads\/ATO-102-2019_comissao-extensao.pdf\" target=\"_blank\"><strong>Comiss\u00e3o de Pesquisa-<\/strong><\/a><strong>  ATO 70\/2021\/IHP, DE 06\/10\/2021.<\/strong> <\/p>\n\n\n\n<p>Carlos Eduardo Artiaga Paula, 11863-X\/UFV  (presidente);<br \/>Ney Paulo Moreira, 8746-7\/UFV <br \/>Patr\u00edcia Rosvadoski da Silva, 11440-5\/UFV <\/p>\n\n\n<p class=\"has-text-color has-vivid-cyan-blue-color\"><strong>Comiss\u00e3o de Avalia\u00e7\u00e3o de Progress\u00e3o e Promo\u00e7\u00e3o dos Docentes do IHP (Para a classe Associado) \u2013ATO 68\/2021\/IHP, DE 26\/08\/2021.<\/strong><\/p>\n<p><!-- \/wp:post-content --> <!-- wp:paragraph --><\/p>\n<p style=\"margin: 0cm; margin-bottom: .0001pt;\">Jo\u00e3o Alfredo Costa de Campos Melo J\u00fanior, 8878-1\/UFV (presidente);<br \/>Raquel Santos Soares Menezes, matr\u00edculas 10073-0\/UFV; \u00a0<\/p>\n<p style=\"margin: 0cm; margin-bottom: .0001pt;\">Rosiane Maria Lima Gon\u00e7alves, matr\u00edculas 8643-6\/UFV<\/p>\n<p style=\"margin: 0cm; margin-bottom: .0001pt;\">Leonardo Pinheiro Debo\u00e7\u00e3, 8657-6\/UFV (Suplente)<\/p>\n<p><!--EndFragment--><\/p>\n\n<p><!-- wp:paragraph {\"textColor\":\"vivid-cyan-blue\"} --><\/p>\n<p class=\"has-text-color has-vivid-cyan-blue-color\"><strong><a href=\"https:\/\/ibp.crp.ufv.br\/wp-content\/uploads\/ATO-105-2019_comissao-pesquisa.pdf\" target=\"_blank\" rel=\"noreferrer noopener\">Comiss\u00e3o de Extens\u00e3o-<\/a> Ato 43\/2020\/IHP, DE 23\/06\/2020<\/strong><\/p>\n<p><!-- \/wp:paragraph --><\/p>\n<p><!-- wp:paragraph --><\/p>\n<p>D\u00e9bora Silva Melo, 11949-0\/UFV (presidente);<br \/>Donizete Aparecido Batista, 11600-9\/UFV ;<br \/>Vicente Cretton Pereira, 12564-4\/UFV<\/p>\n<p><!-- \/wp:paragraph --><\/p>\n<p><!--EndFragment--><\/p>\n<p>\u00a0<\/p>\n<p><!-- wp:paragraph --><\/p>\n<p>\u00a0<\/p>\n<p><!-- \/wp:paragraph --><\/p>","protected":false},"excerpt":{"rendered":"<p>Comiss\u00e3o de Ensino &#8211; ATO 08\/2023\/IHP, DE 20\/06\/2023: Ros\u00e1lia Rodrigues Alves Soares, 11394-8\/UFV (Presidente) F\u00e1bio Andr\u00e9 Teixeira, 11130-9\/UFV ;\u00c1urea L\u00facia Silva Andrade, 10074-9\/UFV . Comiss\u00e3o de Avalia\u00e7\u00e3o de Est\u00e1gio Probat\u00f3rio dos Docentes do IHP- ATO 42\/2022\/IHP, DE 07\/07\/2022. Cristiano Pacheco de Deus Mundim, 10321-7\/UFV (presidente);Michele Morais Oliveira Pereira, 11615-7\/UFV.Ney Paulo Moreira, 8746-7\/UFV ;Rosiane Maria Lima [&hellip;]<\/p>\n","protected":false},"author":1,"featured_media":0,"parent":0,"menu_order":0,"comment_status":"closed","ping_status":"closed","template":"","meta":{"footnotes":""},"class_list":["post-2216","page","type-page","status-publish","hentry"],"_links":{"self":[{"href":"https:\/\/ihp.crp.ufv.br\/index.php?rest_route=\/wp\/v2\/pages\/2216","targetHints":{"allow":["GET"]}}],"collection":[{"href":"https:\/\/ihp.crp.ufv.br\/index.php?rest_route=\/wp\/v2\/pages"}],"about":[{"href":"https:\/\/ihp.crp.ufv.br\/index.php?rest_route=\/wp\/v2\/types\/page"}],"author":[{"embeddable":true,"href":"https:\/\/ihp.crp.ufv.br\/index.php?rest_route=\/wp\/v2\/users\/1"}],"replies":[{"embeddable":true,"href":"https:\/\/ihp.crp.ufv.br\/index.php?rest_route=%2Fwp%2Fv2%2Fcomments&post=2216"}],"version-history":[{"count":11,"href":"https:\/\/ihp.crp.ufv.br\/index.php?rest_route=\/wp\/v2\/pages\/2216\/revisions"}],"predecessor-version":[{"id":3027,"href":"https:\/\/ihp.crp.ufv.br\/index.php?rest_route=\/wp\/v2\/pages\/2216\/revisions\/3027"}],"wp:attachment":[{"href":"https:\/\/ihp.crp.ufv.br\/index.php?rest_route=%2Fwp%2Fv2%2Fmedia&parent=2216"}],"curies":[{"name":"wp","href":"https:\/\/api.w.org\/{rel}","templated":true}]}}