{"id":2218,"date":"2019-11-21T09:22:39","date_gmt":"2019-11-21T12:22:39","guid":{"rendered":"https:\/\/ihp.crp.ufv.br\/?page_id=2218"},"modified":"2025-03-26T09:39:00","modified_gmt":"2025-03-26T12:39:00","slug":"menu03","status":"publish","type":"page","link":"https:\/\/ihp.crp.ufv.br\/?page_id=2218","title":{"rendered":"Distribui\u00e7\u00e3o de Carga Hor\u00e1ria"},"content":{"rendered":"\r\n<p><strong><a href=\"https:\/\/www.dti.ufv.br\/horario_crp\/hor.asp?ano=2019&amp;semestre=2\">Para acessar os hor\u00e1rios de aulas da UFV-CRP,\u00a0clique aqui<\/a><\/strong><\/p>\r\n","protected":false},"excerpt":{"rendered":"<p>Para acessar os hor\u00e1rios de aulas da UFV-CRP,\u00a0clique aqui<\/p>\n","protected":false},"author":1,"featured_media":0,"parent":0,"menu_order":0,"comment_status":"closed","ping_status":"closed","template":"","meta":{"footnotes":""},"class_list":["post-2218","page","type-page","status-publish","hentry"],"_links":{"self":[{"href":"https:\/\/ihp.crp.ufv.br\/index.php?rest_route=\/wp\/v2\/pages\/2218","targetHints":{"allow":["GET"]}}],"collection":[{"href":"https:\/\/ihp.crp.ufv.br\/index.php?rest_route=\/wp\/v2\/pages"}],"about":[{"href":"https:\/\/ihp.crp.ufv.br\/index.php?rest_route=\/wp\/v2\/types\/page"}],"author":[{"embeddable":true,"href":"https:\/\/ihp.crp.ufv.br\/index.php?rest_route=\/wp\/v2\/users\/1"}],"replies":[{"embeddable":true,"href":"https:\/\/ihp.crp.ufv.br\/index.php?rest_route=%2Fwp%2Fv2%2Fcomments&post=2218"}],"version-history":[{"count":4,"href":"https:\/\/ihp.crp.ufv.br\/index.php?rest_route=\/wp\/v2\/pages\/2218\/revisions"}],"predecessor-version":[{"id":3073,"href":"https:\/\/ihp.crp.ufv.br\/index.php?rest_route=\/wp\/v2\/pages\/2218\/revisions\/3073"}],"wp:attachment":[{"href":"https:\/\/ihp.crp.ufv.br\/index.php?rest_route=%2Fwp%2Fv2%2Fmedia&parent=2218"}],"curies":[{"name":"wp","href":"https:\/\/api.w.org\/{rel}","templated":true}]}}