{"id":2220,"date":"2019-11-21T09:22:50","date_gmt":"2019-11-21T12:22:50","guid":{"rendered":"https:\/\/ihp.crp.ufv.br\/?page_id=2220"},"modified":"2021-01-29T13:08:16","modified_gmt":"2021-01-29T16:08:16","slug":"menu04","status":"publish","type":"page","link":"https:\/\/ihp.crp.ufv.br\/?page_id=2220","title":{"rendered":"Monitorias"},"content":{"rendered":"\n<p class=\"has-small-font-size\">Os Programas de Monitoria e Tutoria no Campus Rio Parana\u00edba s\u00e3o coordenados pela Diretoria de Ensino (Sala BBT 211). Enquanto que o processo seletivo \u00e9 realizado pelos Institutos de Ci\u00eancias do <em>Campus<\/em>.<\/p>\n\n\n\n<p class=\"has-small-font-size\">O programa de Monitoria \u00e9 regulamentado pela <a href=\"http:\/\/ibp.crp.ufv.br\/wp-content\/uploads\/03-2019-CEPE-Altera-Res.-Monitoria.pdf\">Resolu\u00e7\u00e3o CEPE N\u00ba 03\/2019<\/a>.<\/p>\n\n\n\n<p class=\"has-text-color has-vivid-red-color\"><strong><a href=\"https:\/\/ihp.crp.ufv.br\/?page_id=2283\">Editais de Sele\u00e7\u00e3o de Monitores<\/a><\/strong><\/p>\n\n\n\n<p class=\"has-text-color has-vivid-red-color\"><a href=\"https:\/\/ihp.crp.ufv.br\/?page_id=2340\"><strong>Formul\u00e1rios<\/strong><\/a><\/p>\n\n\n\n<p class=\"has-text-color has-vivid-red-color\"><a href=\"http:\/\/www.dre.crp.ufv.br\/?page_id=161\"><strong>Hor\u00e1rios de Atendimento dos Monitores<\/strong><\/a><br \/><\/p>\n","protected":false},"excerpt":{"rendered":"<p>Os Programas de Monitoria e Tutoria no Campus Rio Parana\u00edba s\u00e3o coordenados pela Diretoria de Ensino (Sala BBT 211). Enquanto que o processo seletivo \u00e9 realizado pelos Institutos de Ci\u00eancias do Campus. O programa de Monitoria \u00e9 regulamentado pela Resolu\u00e7\u00e3o CEPE N\u00ba 03\/2019. Editais de Sele\u00e7\u00e3o de Monitores Formul\u00e1rios Hor\u00e1rios de Atendimento dos Monitores<\/p>\n","protected":false},"author":1,"featured_media":0,"parent":0,"menu_order":0,"comment_status":"closed","ping_status":"closed","template":"","meta":{"footnotes":""},"class_list":["post-2220","page","type-page","status-publish","hentry"],"_links":{"self":[{"href":"https:\/\/ihp.crp.ufv.br\/index.php?rest_route=\/wp\/v2\/pages\/2220","targetHints":{"allow":["GET"]}}],"collection":[{"href":"https:\/\/ihp.crp.ufv.br\/index.php?rest_route=\/wp\/v2\/pages"}],"about":[{"href":"https:\/\/ihp.crp.ufv.br\/index.php?rest_route=\/wp\/v2\/types\/page"}],"author":[{"embeddable":true,"href":"https:\/\/ihp.crp.ufv.br\/index.php?rest_route=\/wp\/v2\/users\/1"}],"replies":[{"embeddable":true,"href":"https:\/\/ihp.crp.ufv.br\/index.php?rest_route=%2Fwp%2Fv2%2Fcomments&post=2220"}],"version-history":[{"count":10,"href":"https:\/\/ihp.crp.ufv.br\/index.php?rest_route=\/wp\/v2\/pages\/2220\/revisions"}],"predecessor-version":[{"id":2545,"href":"https:\/\/ihp.crp.ufv.br\/index.php?rest_route=\/wp\/v2\/pages\/2220\/revisions\/2545"}],"wp:attachment":[{"href":"https:\/\/ihp.crp.ufv.br\/index.php?rest_route=%2Fwp%2Fv2%2Fmedia&parent=2220"}],"curies":[{"name":"wp","href":"https:\/\/api.w.org\/{rel}","templated":true}]}}