{"id":2222,"date":"2019-11-21T09:23:04","date_gmt":"2019-11-21T12:23:04","guid":{"rendered":"https:\/\/ihp.crp.ufv.br\/?page_id=2222"},"modified":"2019-12-11T14:11:52","modified_gmt":"2019-12-11T17:11:52","slug":"menu05","status":"publish","type":"page","link":"https:\/\/ihp.crp.ufv.br\/?page_id=2222","title":{"rendered":"Formul\u00e1rios"},"content":{"rendered":"\n<p><a href=\"https:\/\/ihp.crp.ufv.br\/?page_id=2220\">Monitoria<\/a><\/p>\n\n\n\n<p><a href=\"http:\/\/daf.crp.ufv.br\/?page_id=1156\">Gest\u00e3o de Pessoas \u2013 Campus Rio Parana\u00edba<\/a><\/p>\n\n\n\n<p><a href=\"http:\/\/www.ppg.ufv.br\/?page_id=258\">P\u00f3s-gradua\u00e7\u00e3o<\/a><\/p>\n\n\n\n<p><a href=\"http:\/\/www.ppo.ufv.br\/?page_id=782\">Formul\u00e1rios elaborados pela PPO<\/a><\/p>\n\n\n\n<p><\/p>\n","protected":false},"excerpt":{"rendered":"<p>Monitoria Gest\u00e3o de Pessoas \u2013 Campus Rio Parana\u00edba P\u00f3s-gradua\u00e7\u00e3o Formul\u00e1rios elaborados pela PPO<\/p>\n","protected":false},"author":1,"featured_media":0,"parent":0,"menu_order":0,"comment_status":"closed","ping_status":"closed","template":"","meta":{"footnotes":""},"class_list":["post-2222","page","type-page","status-publish","hentry"],"_links":{"self":[{"href":"https:\/\/ihp.crp.ufv.br\/index.php?rest_route=\/wp\/v2\/pages\/2222","targetHints":{"allow":["GET"]}}],"collection":[{"href":"https:\/\/ihp.crp.ufv.br\/index.php?rest_route=\/wp\/v2\/pages"}],"about":[{"href":"https:\/\/ihp.crp.ufv.br\/index.php?rest_route=\/wp\/v2\/types\/page"}],"author":[{"embeddable":true,"href":"https:\/\/ihp.crp.ufv.br\/index.php?rest_route=\/wp\/v2\/users\/1"}],"replies":[{"embeddable":true,"href":"https:\/\/ihp.crp.ufv.br\/index.php?rest_route=%2Fwp%2Fv2%2Fcomments&post=2222"}],"version-history":[{"count":5,"href":"https:\/\/ihp.crp.ufv.br\/index.php?rest_route=\/wp\/v2\/pages\/2222\/revisions"}],"predecessor-version":[{"id":2432,"href":"https:\/\/ihp.crp.ufv.br\/index.php?rest_route=\/wp\/v2\/pages\/2222\/revisions\/2432"}],"wp:attachment":[{"href":"https:\/\/ihp.crp.ufv.br\/index.php?rest_route=%2Fwp%2Fv2%2Fmedia&parent=2222"}],"curies":[{"name":"wp","href":"https:\/\/api.w.org\/{rel}","templated":true}]}}