{"id":2281,"date":"2019-11-25T11:29:41","date_gmt":"2019-11-25T14:29:41","guid":{"rendered":"https:\/\/ihp.crp.ufv.br\/?page_id=2281"},"modified":"2019-12-11T14:34:29","modified_gmt":"2019-12-11T17:34:29","slug":"menu08","status":"publish","type":"page","link":"https:\/\/ihp.crp.ufv.br\/?page_id=2281","title":{"rendered":"Links \u00dateis"},"content":{"rendered":"\n<p><strong>Conselhos:<\/strong><\/p>\n\n\n\n<p><a href=\"http:\/\/www.soc.ufv.br\/?page_id=157\">CEPE \u2013 Conselho de Ensino, Pesquisa e Extens\u00e3o<\/a><br \/>\n<a href=\"http:\/\/www.soc.ufv.br\/?page_id=163\">CONSU \u2013 Conselho Universit\u00e1rio<\/a><br \/>\n<a href=\"https:\/\/www.ufv.br\/conselhos-rio-paranaiba\/\">COAD \u2013 Conselho Acad\u00eamico-Administrativo<\/a><\/p>\n\n\n\n<p><strong>Sistemas Acad\u00eamicos&nbsp;e Administrativos:<\/strong><\/p>\n\n\n\n<p><a href=\"http:\/\/www.dti.ufv.br\/ensino\/\">Consulta aulas Coordenadas e Ministradas<\/a><br \/>\n<a href=\"https:\/\/telefones.crp.ufv.br\/grid_vcatalogotelefonico\/\">Cat\u00e1logo Telef\u00f4nico \u2013 Campus Rio Parana\u00edba<\/a><br \/>\n<a href=\"http:\/\/net-server.cpd.ufv.br\/SisProcesso\/\">Sistema de Controle de Processos da UFV (antigo)<\/a><br \/>\n<a href=\"https:\/\/www.ufv.br\/sistemas-administrativos-campus-rio-paranaiba\/\">Sistemas administrativos \u2013 Campus Rio Parana\u00edba<\/a><br \/>\n<a href=\"http:\/\/www.ppg.ufv.br\/?page_id=327\">Sistemas PPG<\/a><br \/>\n<a href=\"https:\/\/www.pvanet.ufv.br\">PVANet<\/a><br \/>\n<a href=\"https:\/\/www.dti.ufv.br\/radocnew\/\">Radoc<\/a><br \/>\n<a href=\"https:\/\/sapiens.dti.ufv.br\/sapiens_redireciona\/\">Sapiens<\/a><\/p>\n\n\n\n<p><strong>Legisla\u00e7\u00e3o:<\/strong><\/p>\n\n\n\n<p><a href=\"http:\/\/www.pgp.ufv.br\/?page_id=166\">Gest\u00e3o de pessoas<\/a><br \/>\n<a href=\"http:\/\/www.soc.ufv.br\/?page_id=9276\">Resolu\u00e7\u00f5es CONSU<\/a><br \/>\n<a href=\"http:\/\/www.soc.ufv.br\/?page_id=8716\">Resolu\u00e7\u00f5es CEPE<\/a><\/p>\n\n\n\n<p><strong>Concursos:<\/strong><\/p>\n\n\n\n<p><a href=\"http:\/\/www.soc.ufv.br\/?page_id=1392\">Carreira Docente<\/a><br \/>\n<a href=\"http:\/\/www.pgp.ufv.br\/?page_id=456\">Carreira T\u00e9cnico-Administrativa<\/a><\/p>\n","protected":false},"excerpt":{"rendered":"<p>Conselhos: CEPE \u2013 Conselho de Ensino, Pesquisa e Extens\u00e3o CONSU \u2013 Conselho Universit\u00e1rio COAD \u2013 Conselho Acad\u00eamico-Administrativo Sistemas Acad\u00eamicos&nbsp;e Administrativos: Consulta aulas Coordenadas e Ministradas Cat\u00e1logo Telef\u00f4nico \u2013 Campus Rio Parana\u00edba Sistema de Controle de Processos da UFV (antigo) Sistemas administrativos \u2013 Campus Rio Parana\u00edba Sistemas PPG PVANet Radoc Sapiens Legisla\u00e7\u00e3o: Gest\u00e3o de pessoas Resolu\u00e7\u00f5es [&hellip;]<\/p>\n","protected":false},"author":1,"featured_media":0,"parent":0,"menu_order":0,"comment_status":"closed","ping_status":"closed","template":"","meta":{"footnotes":""},"class_list":["post-2281","page","type-page","status-publish","hentry"],"_links":{"self":[{"href":"https:\/\/ihp.crp.ufv.br\/index.php?rest_route=\/wp\/v2\/pages\/2281","targetHints":{"allow":["GET"]}}],"collection":[{"href":"https:\/\/ihp.crp.ufv.br\/index.php?rest_route=\/wp\/v2\/pages"}],"about":[{"href":"https:\/\/ihp.crp.ufv.br\/index.php?rest_route=\/wp\/v2\/types\/page"}],"author":[{"embeddable":true,"href":"https:\/\/ihp.crp.ufv.br\/index.php?rest_route=\/wp\/v2\/users\/1"}],"replies":[{"embeddable":true,"href":"https:\/\/ihp.crp.ufv.br\/index.php?rest_route=%2Fwp%2Fv2%2Fcomments&post=2281"}],"version-history":[{"count":2,"href":"https:\/\/ihp.crp.ufv.br\/index.php?rest_route=\/wp\/v2\/pages\/2281\/revisions"}],"predecessor-version":[{"id":2418,"href":"https:\/\/ihp.crp.ufv.br\/index.php?rest_route=\/wp\/v2\/pages\/2281\/revisions\/2418"}],"wp:attachment":[{"href":"https:\/\/ihp.crp.ufv.br\/index.php?rest_route=%2Fwp%2Fv2%2Fmedia&parent=2281"}],"curies":[{"name":"wp","href":"https:\/\/api.w.org\/{rel}","templated":true}]}}