{"id":2340,"date":"2019-11-25T14:38:08","date_gmt":"2019-11-25T17:38:08","guid":{"rendered":"https:\/\/ihp.crp.ufv.br\/?page_id=2340"},"modified":"2021-07-23T13:37:32","modified_gmt":"2021-07-23T16:37:32","slug":"formularios-monitoria","status":"publish","type":"page","link":"https:\/\/ihp.crp.ufv.br\/?page_id=2340","title":{"rendered":"Formul\u00e1rios &#8211; Monitoria"},"content":{"rendered":"\n<h3 class=\"wp-block-heading\">MONITORIAS DO PER\u00cdODO ESPECIAL REMOTO (PER) <\/h3>\n\n\n\n<p class=\"has-text-color has-vivid-cyan-blue-color\"><a href=\"https:\/\/ihp.crp.ufv.br\/wp-content\/uploads\/ANEXO-II-ficha-de-inscri\u00e7\u00e3o.docx\">Requerimeto de Inscri\u00e7\u00e3o<\/a><\/p>\n\n\n\n<p class=\"has-text-color has-vivid-cyan-blue-color\"><a href=\"https:\/\/ihp.crp.ufv.br\/wp-content\/uploads\/Ata-Sele\u00e7\u00e3o-de-Monitor-PER-modificada.odt\">Ata de Sele\u00e7\u00e3o<\/a><\/p>\n\n\n\n<p class=\"has-text-color has-vivid-cyan-blue-color\"><a href=\"https:\/\/ihp.crp.ufv.br\/wp-content\/uploads\/Plano-de-Trabalho-do-Monitor-PER-3.odt\">Plano de Trabalho- Monitor <\/a><\/p>\n\n\n\n<p class=\"has-text-color has-vivid-cyan-blue-color\"><a href=\"https:\/\/ihp.crp.ufv.br\/wp-content\/uploads\/Termo-de-Compromisso-de-Monitoria-BOLSISTA-PER-3.odt\">Termo de Compromisso <\/a><a href=\"https:\/\/ihp.crp.ufv.br\/wp-content\/uploads\/Termo-de-Compromisso-de-Monitoria-VOLUNT\u00c1RIA-PER-3.odt\">N\u00edvel I<\/a><a href=\"https:\/\/ihp.crp.ufv.br\/wp-content\/uploads\/Termo-de-Compromisso-de-Monitoria-BOLSISTA-PER-3.odt\"> -Bolsista<\/a><\/p>\n\n\n\n<p class=\"has-text-color has-vivid-cyan-blue-color\"><a href=\"https:\/\/ihp.crp.ufv.br\/wp-content\/uploads\/Termo-de-Compromisso-de-Monitoria-VOLUNT\u00c1RIA-PER-3.odt\"> Termo de Compromisso  Monitoria N\u00edvel I &#8211;  Volunt\u00e1rio<\/a><\/p>\n\n\n\n<p class=\"has-text-color has-vivid-cyan-blue-color\"><a href=\"https:\/\/ihp.crp.ufv.br\/wp-content\/uploads\/Relat\u00f3rio-de-Frequ\u00eancia-de-Monitoria-PER-3.odt\">Relat\u00f3rio de Frequ\u00eancia e de Atividades de Monitoria<\/a><a href=\"https:\/\/ihp.crp.ufv.br\/wp-content\/uploads\/Relat\u00f3rio-de-Frequ\u00eancia-de-Monitoria-PER.odt\"> <\/a><\/p>\n\n\n\n<p class=\"has-text-color has-vivid-cyan-blue-color\"><a href=\"https:\/\/ihp.crp.ufv.br\/wp-content\/uploads\/Termo-de-Compromisso-de-Monitoria-BOLSISTA-N\u00cdVEL-II-Demandas-Especiais-PER-3.odt\">Termo de Compromisso Monitoria N\u00edvel II  &#8211;  Bolsista<\/a><\/p>\n\n\n\n<h3 class=\"wp-block-heading\">Monitorias Regulares<\/h3>\n\n\n\n<p><a href=\"https:\/\/ihp.crp.ufv.br\/wp-content\/uploads\/Modelo-Autoriza\u00e7\u00e3o.docx\">Modelo-Autoriza\u00e7\u00e3o<\/a><\/p>\n\n\n\n<p><a href=\"https:\/\/ihp.crp.ufv.br\/wp-content\/uploads\/Ata-de-sele\u00e7\u00e3o-Monitoria.docx\">Ata-de-sele\u00e7\u00e3o-Monitoria<\/a> <\/p>\n\n\n\n<p><a href=\"https:\/\/ihp.crp.ufv.br\/wp-content\/uploads\/Plano-de-trabalho_Remunerado-monitor-I-ou-II.docx\">Plano de trabalho -monitor I ou II<\/a><\/p>\n\n\n\n<p><a href=\"https:\/\/ihp.crp.ufv.br\/wp-content\/uploads\/Termo-de-compromisso_Remunerado-N\u00edvel-I-ou-II-IHP.docx\">Termo de compromisso &#8211; Remunerado N\u00edvel I ou II<\/a> <a href=\"https:\/\/ihp.crp.ufv.br\/wp-content\/uploads\/Termo-de-compromisso_Volunt\u00e1rio-I-ou-II-IBP.docx\">T<\/a><br \/><a href=\"https:\/\/ihp.crp.ufv.br\/wp-content\/uploads\/Termo-de-compromisso_Volunt\u00e1rio-I-ou-II-IHP.docx\">Termo de compromisso &#8211; Volunt\u00e1rio n\u00edvel I ou II<\/a> <\/p>\n\n\n\n<p><a href=\"https:\/\/ihp.crp.ufv.br\/wp-content\/uploads\/Relat\u00f3rio-de-Frequ\u00eancia-Remunerado-.docx\">Relat\u00f3rio de Frequ\u00eancia e de Atividades de monitoria\ufeff<\/a><\/p>\n\n\n\n<p style=\"color:#06232f\" class=\"has-text-color\"><a href=\"https:\/\/ihp.crp.ufv.br\/wp-content\/uploads\/rel_semest_ativ_monitoria.docx\">Relat\u00f3rio Semestral de Atividades de Monitoria<\/a><\/p>\n","protected":false},"excerpt":{"rendered":"<p>MONITORIAS DO PER\u00cdODO ESPECIAL REMOTO (PER) Requerimeto de Inscri\u00e7\u00e3o Ata de Sele\u00e7\u00e3o Plano de Trabalho- Monitor Termo de Compromisso N\u00edvel I -Bolsista Termo de Compromisso Monitoria N\u00edvel I &#8211; Volunt\u00e1rio Relat\u00f3rio de Frequ\u00eancia e de Atividades de Monitoria Termo de Compromisso Monitoria N\u00edvel II &#8211; Bolsista Monitorias Regulares Modelo-Autoriza\u00e7\u00e3o Ata-de-sele\u00e7\u00e3o-Monitoria Plano de trabalho -monitor I [&hellip;]<\/p>\n","protected":false},"author":6,"featured_media":0,"parent":2220,"menu_order":0,"comment_status":"closed","ping_status":"closed","template":"internas-page.php","meta":{"footnotes":""},"class_list":["post-2340","page","type-page","status-publish","hentry"],"_links":{"self":[{"href":"https:\/\/ihp.crp.ufv.br\/index.php?rest_route=\/wp\/v2\/pages\/2340","targetHints":{"allow":["GET"]}}],"collection":[{"href":"https:\/\/ihp.crp.ufv.br\/index.php?rest_route=\/wp\/v2\/pages"}],"about":[{"href":"https:\/\/ihp.crp.ufv.br\/index.php?rest_route=\/wp\/v2\/types\/page"}],"author":[{"embeddable":true,"href":"https:\/\/ihp.crp.ufv.br\/index.php?rest_route=\/wp\/v2\/users\/6"}],"replies":[{"embeddable":true,"href":"https:\/\/ihp.crp.ufv.br\/index.php?rest_route=%2Fwp%2Fv2%2Fcomments&post=2340"}],"version-history":[{"count":10,"href":"https:\/\/ihp.crp.ufv.br\/index.php?rest_route=\/wp\/v2\/pages\/2340\/revisions"}],"predecessor-version":[{"id":2685,"href":"https:\/\/ihp.crp.ufv.br\/index.php?rest_route=\/wp\/v2\/pages\/2340\/revisions\/2685"}],"up":[{"embeddable":true,"href":"https:\/\/ihp.crp.ufv.br\/index.php?rest_route=\/wp\/v2\/pages\/2220"}],"wp:attachment":[{"href":"https:\/\/ihp.crp.ufv.br\/index.php?rest_route=%2Fwp%2Fv2%2Fmedia&parent=2340"}],"curies":[{"name":"wp","href":"https:\/\/api.w.org\/{rel}","templated":true}]}}