{"id":2513,"date":"2020-12-18T16:56:41","date_gmt":"2020-12-18T19:56:41","guid":{"rendered":"https:\/\/ihp.crp.ufv.br\/?page_id=2513"},"modified":"2023-10-05T13:45:07","modified_gmt":"2023-10-05T16:45:07","slug":"apresentacao","status":"publish","type":"page","link":"https:\/\/ihp.crp.ufv.br\/?page_id=2513","title":{"rendered":"Apresenta\u00e7\u00e3o"},"content":{"rendered":"<p><!--StartFragment--><\/p>\n\n\n<p> Instituto de Ci\u00eancias Humanas e Sociais (IHP), vinculado \u00e0 Diretoria Geral do <em>campus <\/em>UFV  Rio Parana\u00edba, \u00e9 a unidade respons\u00e1vel pelo ensino, pesquisa, extens\u00e3o e  atividades afins, em sua \u00e1rea de compet\u00eancia na Universidade,  compreendendo corpo docente e  t\u00e9cnico-administrativo,  instala\u00e7\u00f5es, \u00e1reas experimentais, equipamentos e materiais necess\u00e1rios \u00e0  execu\u00e7\u00e3o de seus objetivos.<\/p>\n\n\n\n<p> Instituto de Ci\u00eancias Humanas e Sociais  dever\u00e1 especializar-se  na pesquisa fundamental e aplicada e no ensino, em sua \u00e1rea de  conhecimento, refor\u00e7ando sua base cient\u00edfica de apoio ao ensino t\u00e9cnico,  de gradua\u00e7\u00e3o e p\u00f3s-gradua\u00e7\u00e3o e sua contribui\u00e7\u00e3o \u00e0 pesquisa e \u00e0 extens\u00e3o  na Universidade.<br \/> <\/p>\n\n\n\n<p>Assim, o Instituto deCi\u00eancias Humanas e Sociais  possui a  compet\u00eancia de auxiliar e gerenciar os docentes e discente vinculados \u00e0s  disciplinas dos cursos de <a rel=\"noreferrer noopener\" aria-label=\"Administra\u00e7\u00e3o (abre numa nova aba)\" href=\"http:\/\/www.adt.crp.ufv.br\/\" target=\"_blank\">Administra\u00e7\u00e3o<\/a> e <a href=\"http:\/\/www.cco.crp.ufv.br\/\" target=\"_blank\" rel=\"noreferrer noopener\" aria-label=\"Ci\u00eancias Cont\u00e1beis (abre numa nova aba)\">Ci\u00eancias Cont\u00e1beis<\/a>.<\/p>\n\n\n<p><!--EndFragment--><\/p>\n<p><\/p>","protected":false},"excerpt":{"rendered":"<p>Instituto de Ci\u00eancias Humanas e Sociais (IHP), vinculado \u00e0 Diretoria Geral do campus UFV Rio Parana\u00edba, \u00e9 a unidade respons\u00e1vel pelo ensino, pesquisa, extens\u00e3o e atividades afins, em sua \u00e1rea de compet\u00eancia na Universidade, compreendendo corpo docente e t\u00e9cnico-administrativo, instala\u00e7\u00f5es, \u00e1reas experimentais, equipamentos e materiais necess\u00e1rios \u00e0 execu\u00e7\u00e3o de seus objetivos. Instituto de Ci\u00eancias Humanas [&hellip;]<\/p>\n","protected":false},"author":6,"featured_media":0,"parent":1894,"menu_order":1,"comment_status":"closed","ping_status":"closed","template":"","meta":{"footnotes":""},"class_list":["post-2513","page","type-page","status-publish","hentry"],"_links":{"self":[{"href":"https:\/\/ihp.crp.ufv.br\/index.php?rest_route=\/wp\/v2\/pages\/2513","targetHints":{"allow":["GET"]}}],"collection":[{"href":"https:\/\/ihp.crp.ufv.br\/index.php?rest_route=\/wp\/v2\/pages"}],"about":[{"href":"https:\/\/ihp.crp.ufv.br\/index.php?rest_route=\/wp\/v2\/types\/page"}],"author":[{"embeddable":true,"href":"https:\/\/ihp.crp.ufv.br\/index.php?rest_route=\/wp\/v2\/users\/6"}],"replies":[{"embeddable":true,"href":"https:\/\/ihp.crp.ufv.br\/index.php?rest_route=%2Fwp%2Fv2%2Fcomments&post=2513"}],"version-history":[{"count":5,"href":"https:\/\/ihp.crp.ufv.br\/index.php?rest_route=\/wp\/v2\/pages\/2513\/revisions"}],"predecessor-version":[{"id":3003,"href":"https:\/\/ihp.crp.ufv.br\/index.php?rest_route=\/wp\/v2\/pages\/2513\/revisions\/3003"}],"up":[{"embeddable":true,"href":"https:\/\/ihp.crp.ufv.br\/index.php?rest_route=\/wp\/v2\/pages\/1894"}],"wp:attachment":[{"href":"https:\/\/ihp.crp.ufv.br\/index.php?rest_route=%2Fwp%2Fv2%2Fmedia&parent=2513"}],"curies":[{"name":"wp","href":"https:\/\/api.w.org\/{rel}","templated":true}]}}