{"id":2598,"date":"2021-02-25T10:57:03","date_gmt":"2021-02-25T13:57:03","guid":{"rendered":"https:\/\/ihp.crp.ufv.br\/?page_id=2598"},"modified":"2025-06-23T10:45:02","modified_gmt":"2025-06-23T13:45:02","slug":"certificados","status":"publish","type":"page","link":"https:\/\/ihp.crp.ufv.br\/?page_id=2598","title":{"rendered":"Certificados"},"content":{"rendered":"<h2><span style=\"color: #ff0000;\">Emiss\u00e3o de Certificados de Extens\u00e3o e Cultura<\/span><\/h2>\r\n<p>Para que seja realizada a emiss\u00e3o de certificados pelo sistema\u00a0<a href=\"https:\/\/www.certificados.ufv.br\">https:\/\/www.certificados.ufv.br<\/a>\u00a0o requisitante (coordenador da atividade) dever\u00e1 realizar os seguintes procedimentos:<\/p>\r\n<p>&nbsp;<\/p>\r\n\r\n<p>1) Lan\u00e7ar a atividade no RAEX (<a href=\"https:\/\/www.raex.ufv.br\/\">https:\/\/www.raex.ufv.br<\/a>) e acompanhar sua tramita\u00e7\u00e3o at\u00e9 o registro ser efetivado (autoriza\u00e7\u00e3o em \u00faltima inst\u00e2ncia pela Pr\u00f3-reitoria de Extens\u00e3o e Cultura), visto que, somente ap\u00f3s o registro, os certificados (inclusive dos palestrantes) poder\u00e3o ser emitidos.<br \/>2) Preencher a planilha edit\u00e1vel<strong><a href=\"https:\/\/ihp.crp.ufv.br\/wp-content\/uploads\/IHP_geracao-certificados-1.xlsx\"> <span style=\"color: #ff0000;\">NESTE MODELO<\/span><\/a>\u00a0<\/strong>(Excel ou Calc) com os dados requisitados. <strong>N\u00e3o ser\u00e1 aceita qualquer planilha que n\u00e3o seja o modelo indicado.<\/strong><br \/>3) Cada mini curso ou palestra do evento dever\u00e1 se enviado em uma planilha separada. O nome do arquivo dever\u00e1 possuir o nome ou sigla do evento e o nome do curso, palestra, etc., por exemplo, \u201cSIA \u2013 curso de produ\u00e7\u00e3o de texto.xls\u201d.<br \/>4) Encaminhar\u00e1 a requisi\u00e7\u00e3o para o e-mail do Instituto vinculado \u00e0 atividade, ou seja, para o e-mail do IHP (ihp@ufv.br).<\/p>\r\n\r\n\r\n\r\n<h2 class=\"wp-block-heading\"><span style=\"color: #ff0000;\">Orienta\u00e7\u00f5es<\/span><\/h2>\r\n\r\n\r\n\r\n<p>1) Minicursos, visitas e outras atividades em um mesmo evento, dever\u00e3o ser cadastradas em novas planilhas em arquivos separados. O nome do arquivo dever\u00e1 possuir o nome ou sigla do evento e o nome do curso, palestra, etc., por exemplo, <strong>\u201cSIA \u2013 curso de produ\u00e7\u00e3o de texto.xls\u201d.<\/strong><br \/>2) Deve-se evitar atribuir cargas hor\u00e1rias diferentes para cada participante, assim como, horas incompletas (Ex.: 3h20min). \u00c9 recomendado usar a norma de 75% de presen\u00e7a.<br \/>3) Caso haja erro no nome, CPF ou e-mail informado, o sistema bloquear\u00e1 a emiss\u00e3o.\u00a0<strong>Pedimos m\u00e1ximo cuidado com rela\u00e7\u00e3o aos n\u00fameros de CPF informados, estes devem ser estar sem ponto, sem h\u00edfen e com 11 d\u00edgitos.\u00a0<\/strong><br \/>4) Registros antigos n\u00e3o migrar\u00e3o para o novo sistema. Entretanto, eventos antigos<strong> (anteriores a janeiro de 2021)<\/strong> que nunca foram certificados, dever\u00e3o se adequar ao novo procedimento, para isso estes dever\u00e3o ser solicitados na DXC.<br \/>5)\u00a0<strong>O prazo para emiss\u00e3o dos certificados depender\u00e1 da demanda de servi\u00e7os do setor.<\/strong><br \/>6) O certificado ser\u00e1 em modelo padr\u00e3o para todos os eventos, portanto, n\u00e3o ser\u00e3o adicionadas outras informa\u00e7\u00f5es, tais como: parceria de empresas juniores e afins, logotipos, dentre outros. Apenas o conte\u00fado program\u00e1tico poder\u00e1 ser adicionado nos certificados, para isso, dever\u00e3o ser encaminhados com o pedido.<br \/>8) Situa\u00e7\u00f5es especiais dever\u00e3o ser previamente acordados.<br \/>9)\u00a0<strong>Somente o coordenador da atividade (servidor) poder\u00e1 requisitar a emiss\u00e3o de documentos<\/strong>. <strong>N\u00e3o ser\u00e3o aceitas as requisi\u00e7\u00f5es realizadas por alunos<\/strong>.<br \/>10) Certificados das comiss\u00f5es organizadoras, palestrantes, ministrantes e colaboradores s\u00e3o emitidos automaticamente pelo\u00a0<a href=\"https:\/\/www.raex.ufv.br\/raex\/scripts\/certificado.php\">RAEX<\/a>.<\/p>\r\n\r\n\r\n\r\n<h2 class=\"wp-block-heading\"><span style=\"color: #ff0000;\">Emiss\u00e3o de Certificados<\/span><\/h2>\r\n\r\n\r\n\r\n<p>Os\/as participantes\/as das atividades de extens\u00e3o podem baixar seus certificados acessando os sistemas:<br \/><strong><a href=\"https:\/\/www.raex.ufv.br\/\">https:\/\/www.raex.ufv.br<\/a>\u00a0<\/strong>&gt; Certificados<br \/><strong><a href=\"https:\/\/www.certificados.ufv.br\/\">https:\/\/www.certificados.ufv.br<\/a><\/strong>\u00a0&gt; Meus Certificados<br \/><a href=\"https:\/\/www.sia.ufv.br\/\"><strong>https:\/\/www.sia.ufv.br<\/strong><\/a>\u00a0&gt; Outras Edi\u00e7\u00f5es &gt; Certificados<\/p>\r\n\r\n<p>&nbsp;<\/p>\r\n\r\n<h2 class=\"wp-block-heading\">\u00a0<\/h2>\r\n","protected":false},"excerpt":{"rendered":"<p>Emiss\u00e3o de Certificados de Extens\u00e3o e Cultura Para que seja realizada a emiss\u00e3o de certificados pelo sistema\u00a0https:\/\/www.certificados.ufv.br\u00a0o requisitante (coordenador da atividade) dever\u00e1 realizar os seguintes procedimentos: &nbsp; 1) Lan\u00e7ar a atividade no RAEX (https:\/\/www.raex.ufv.br) e acompanhar sua tramita\u00e7\u00e3o at\u00e9 o registro ser efetivado (autoriza\u00e7\u00e3o em \u00faltima inst\u00e2ncia pela Pr\u00f3-reitoria de Extens\u00e3o e Cultura), visto que, [&hellip;]<\/p>\n","protected":false},"author":6,"featured_media":0,"parent":2590,"menu_order":0,"comment_status":"closed","ping_status":"closed","template":"","meta":{"footnotes":""},"class_list":["post-2598","page","type-page","status-publish","hentry"],"_links":{"self":[{"href":"https:\/\/ihp.crp.ufv.br\/index.php?rest_route=\/wp\/v2\/pages\/2598","targetHints":{"allow":["GET"]}}],"collection":[{"href":"https:\/\/ihp.crp.ufv.br\/index.php?rest_route=\/wp\/v2\/pages"}],"about":[{"href":"https:\/\/ihp.crp.ufv.br\/index.php?rest_route=\/wp\/v2\/types\/page"}],"author":[{"embeddable":true,"href":"https:\/\/ihp.crp.ufv.br\/index.php?rest_route=\/wp\/v2\/users\/6"}],"replies":[{"embeddable":true,"href":"https:\/\/ihp.crp.ufv.br\/index.php?rest_route=%2Fwp%2Fv2%2Fcomments&post=2598"}],"version-history":[{"count":6,"href":"https:\/\/ihp.crp.ufv.br\/index.php?rest_route=\/wp\/v2\/pages\/2598\/revisions"}],"predecessor-version":[{"id":3098,"href":"https:\/\/ihp.crp.ufv.br\/index.php?rest_route=\/wp\/v2\/pages\/2598\/revisions\/3098"}],"up":[{"embeddable":true,"href":"https:\/\/ihp.crp.ufv.br\/index.php?rest_route=\/wp\/v2\/pages\/2590"}],"wp:attachment":[{"href":"https:\/\/ihp.crp.ufv.br\/index.php?rest_route=%2Fwp%2Fv2%2Fmedia&parent=2598"}],"curies":[{"name":"wp","href":"https:\/\/api.w.org\/{rel}","templated":true}]}}