{"id":2637,"date":"2021-07-23T12:38:41","date_gmt":"2021-07-23T15:38:41","guid":{"rendered":"https:\/\/ihp.crp.ufv.br\/?page_id=2637"},"modified":"2025-09-30T14:45:32","modified_gmt":"2025-09-30T17:45:32","slug":"editais-com-inscricoes-abertas","status":"publish","type":"page","link":"https:\/\/ihp.crp.ufv.br\/?page_id=2637","title":{"rendered":"Editais com Inscri\u00e7\u00f5es Abertas"},"content":{"rendered":"\r\n<h1 class=\"has-medium-font-size\"><a href=\"https:\/\/ihp.crp.ufv.br\/wp-content\/uploads\/Edital-5-2025-nivel-II.pdf\"><strong>Edital 5 &#8211; 2025\/2 &#8211; Edital para monitor nivel II<\/strong><\/a><\/h1>\r\n\r\n\r\n\r\n<p class=\"has-medium-font-size\">Monitoria Nivel II &#8211; Volunt\u00e1ria &#8211; para a disciplina:<\/p>\r\n\r\n\r\n\r\n<div>ADE 190 &#8211; Introdu\u00e7\u00e3o \u00e0 Economia<\/div>\r\n<div>\u00a0<\/div>\r\n\r\n\r\n\r\n<h1 class=\"has-medium-font-size\"><strong>Inscri\u00e7\u00f5es\u00a0 de 30\/09\/2025 at\u00e9 \u00e0s 23:59 do dia 05\/10\/2025<\/strong><\/h1>\r\n<p>&nbsp;<\/p>\r\n","protected":false},"excerpt":{"rendered":"<p>Edital 5 &#8211; 2025\/2 &#8211; Edital para monitor nivel II Monitoria Nivel II &#8211; Volunt\u00e1ria &#8211; para a disciplina: ADE 190 &#8211; Introdu\u00e7\u00e3o \u00e0 Economia \u00a0 Inscri\u00e7\u00f5es\u00a0 de 30\/09\/2025 at\u00e9 \u00e0s 23:59 do dia 05\/10\/2025 &nbsp;<\/p>\n","protected":false},"author":6,"featured_media":0,"parent":2283,"menu_order":0,"comment_status":"closed","ping_status":"closed","template":"","meta":{"footnotes":""},"class_list":["post-2637","page","type-page","status-publish","hentry"],"_links":{"self":[{"href":"https:\/\/ihp.crp.ufv.br\/index.php?rest_route=\/wp\/v2\/pages\/2637","targetHints":{"allow":["GET"]}}],"collection":[{"href":"https:\/\/ihp.crp.ufv.br\/index.php?rest_route=\/wp\/v2\/pages"}],"about":[{"href":"https:\/\/ihp.crp.ufv.br\/index.php?rest_route=\/wp\/v2\/types\/page"}],"author":[{"embeddable":true,"href":"https:\/\/ihp.crp.ufv.br\/index.php?rest_route=\/wp\/v2\/users\/6"}],"replies":[{"embeddable":true,"href":"https:\/\/ihp.crp.ufv.br\/index.php?rest_route=%2Fwp%2Fv2%2Fcomments&post=2637"}],"version-history":[{"count":49,"href":"https:\/\/ihp.crp.ufv.br\/index.php?rest_route=\/wp\/v2\/pages\/2637\/revisions"}],"predecessor-version":[{"id":3114,"href":"https:\/\/ihp.crp.ufv.br\/index.php?rest_route=\/wp\/v2\/pages\/2637\/revisions\/3114"}],"up":[{"embeddable":true,"href":"https:\/\/ihp.crp.ufv.br\/index.php?rest_route=\/wp\/v2\/pages\/2283"}],"wp:attachment":[{"href":"https:\/\/ihp.crp.ufv.br\/index.php?rest_route=%2Fwp%2Fv2%2Fmedia&parent=2637"}],"curies":[{"name":"wp","href":"https:\/\/api.w.org\/{rel}","templated":true}]}}