{"id":2746,"date":"2021-11-16T09:57:21","date_gmt":"2021-11-16T12:57:21","guid":{"rendered":"https:\/\/ihp.crp.ufv.br\/?page_id=2746"},"modified":"2021-11-16T09:58:18","modified_gmt":"2021-11-16T12:58:18","slug":"cursos","status":"publish","type":"page","link":"https:\/\/ihp.crp.ufv.br\/?page_id=2746","title":{"rendered":"Cursos"},"content":{"rendered":"\n<p class=\"has-medium-font-size\"><a href=\"http:\/\/www.adt.crp.ufv.br\/\">Administra\u00e7\u00e3o<\/a><\/p>\n\n\n\n<p class=\"has-medium-font-size\"><a href=\"http:\/\/www.cco.crp.ufv.br\/\">Ci\u00eancias Cont\u00e1beis<\/a><\/p>\n","protected":false},"excerpt":{"rendered":"<p>Administra\u00e7\u00e3o Ci\u00eancias Cont\u00e1beis<\/p>\n","protected":false},"author":6,"featured_media":0,"parent":1894,"menu_order":4,"comment_status":"closed","ping_status":"closed","template":"","meta":{"footnotes":""},"class_list":["post-2746","page","type-page","status-publish","hentry"],"_links":{"self":[{"href":"https:\/\/ihp.crp.ufv.br\/index.php?rest_route=\/wp\/v2\/pages\/2746","targetHints":{"allow":["GET"]}}],"collection":[{"href":"https:\/\/ihp.crp.ufv.br\/index.php?rest_route=\/wp\/v2\/pages"}],"about":[{"href":"https:\/\/ihp.crp.ufv.br\/index.php?rest_route=\/wp\/v2\/types\/page"}],"author":[{"embeddable":true,"href":"https:\/\/ihp.crp.ufv.br\/index.php?rest_route=\/wp\/v2\/users\/6"}],"replies":[{"embeddable":true,"href":"https:\/\/ihp.crp.ufv.br\/index.php?rest_route=%2Fwp%2Fv2%2Fcomments&post=2746"}],"version-history":[{"count":2,"href":"https:\/\/ihp.crp.ufv.br\/index.php?rest_route=\/wp\/v2\/pages\/2746\/revisions"}],"predecessor-version":[{"id":2748,"href":"https:\/\/ihp.crp.ufv.br\/index.php?rest_route=\/wp\/v2\/pages\/2746\/revisions\/2748"}],"up":[{"embeddable":true,"href":"https:\/\/ihp.crp.ufv.br\/index.php?rest_route=\/wp\/v2\/pages\/1894"}],"wp:attachment":[{"href":"https:\/\/ihp.crp.ufv.br\/index.php?rest_route=%2Fwp%2Fv2%2Fmedia&parent=2746"}],"curies":[{"name":"wp","href":"https:\/\/api.w.org\/{rel}","templated":true}]}}