{"id":2753,"date":"2021-11-16T10:11:03","date_gmt":"2021-11-16T13:11:03","guid":{"rendered":"https:\/\/ihp.crp.ufv.br\/?page_id=2753"},"modified":"2023-10-05T13:56:58","modified_gmt":"2023-10-05T16:56:58","slug":"chefia","status":"publish","type":"page","link":"https:\/\/ihp.crp.ufv.br\/?page_id=2753","title":{"rendered":"Chefia"},"content":{"rendered":"\n<p> <strong>Profa. Ma. \u00c1urea L\u00facia Silva Andrade<\/strong> <\/p>\n\n\n\n<p>E-mail: <a href=\"mailto:aurea.andrade@ufv.br\">aurea.andrade@ufv.br<\/a> <br \/>Curr\u00edculo Lattes:<a href=\"http:\/\/lattes.cnpq.br\/6113559553280759\">http:\/\/lattes.cnpq.br\/6113559553280759 <\/a><br \/>Tel.: (34) 3855-9337 <br \/>Tel.: (34) 3855-9488 <br \/>Sala: BBT 208 &#8211;  LAE 204 <\/p>\n","protected":false},"excerpt":{"rendered":"<p>Profa. Ma. \u00c1urea L\u00facia Silva Andrade E-mail: aurea.andrade@ufv.br Curr\u00edculo Lattes:http:\/\/lattes.cnpq.br\/6113559553280759 Tel.: (34) 3855-9337 Tel.: (34) 3855-9488 Sala: BBT 208 &#8211; LAE 204<\/p>\n","protected":false},"author":6,"featured_media":0,"parent":1894,"menu_order":5,"comment_status":"closed","ping_status":"closed","template":"","meta":{"footnotes":""},"class_list":["post-2753","page","type-page","status-publish","hentry"],"_links":{"self":[{"href":"https:\/\/ihp.crp.ufv.br\/index.php?rest_route=\/wp\/v2\/pages\/2753","targetHints":{"allow":["GET"]}}],"collection":[{"href":"https:\/\/ihp.crp.ufv.br\/index.php?rest_route=\/wp\/v2\/pages"}],"about":[{"href":"https:\/\/ihp.crp.ufv.br\/index.php?rest_route=\/wp\/v2\/types\/page"}],"author":[{"embeddable":true,"href":"https:\/\/ihp.crp.ufv.br\/index.php?rest_route=\/wp\/v2\/users\/6"}],"replies":[{"embeddable":true,"href":"https:\/\/ihp.crp.ufv.br\/index.php?rest_route=%2Fwp%2Fv2%2Fcomments&post=2753"}],"version-history":[{"count":2,"href":"https:\/\/ihp.crp.ufv.br\/index.php?rest_route=\/wp\/v2\/pages\/2753\/revisions"}],"predecessor-version":[{"id":3007,"href":"https:\/\/ihp.crp.ufv.br\/index.php?rest_route=\/wp\/v2\/pages\/2753\/revisions\/3007"}],"up":[{"embeddable":true,"href":"https:\/\/ihp.crp.ufv.br\/index.php?rest_route=\/wp\/v2\/pages\/1894"}],"wp:attachment":[{"href":"https:\/\/ihp.crp.ufv.br\/index.php?rest_route=%2Fwp%2Fv2%2Fmedia&parent=2753"}],"curies":[{"name":"wp","href":"https:\/\/api.w.org\/{rel}","templated":true}]}}