{"id":2961,"date":"2023-08-23T10:19:20","date_gmt":"2023-08-23T13:19:20","guid":{"rendered":"https:\/\/ihp.crp.ufv.br\/?page_id=2961"},"modified":"2023-10-20T10:47:45","modified_gmt":"2023-10-20T13:47:45","slug":"edital-de-selecao-de-monitores-2023-2","status":"publish","type":"page","link":"https:\/\/ihp.crp.ufv.br\/?page_id=2961","title":{"rendered":"Edital de Sele\u00e7\u00e3o de Monitores 2023\/2"},"content":{"rendered":"\n<p style=\"font-size:30px\" class=\"has-text-color has-vivid-red-color\"><a href=\"https:\/\/ihp.crp.ufv.br\/wp-content\/uploads\/Edital-06-2023-nivel-I.pdf\">Edital 06\/2023 <\/a><\/p>\n\n\n\n<p class=\"has-text-color has-vivid-red-color\"><a href=\"https:\/\/ihp.crp.ufv.br\/wp-content\/uploads\/Anexo-I-Edital-06-2023-nivel-I.docx\">Anexo I &#8211; Edital 06\/2023<\/a><\/p>\n\n\n\n<p class=\"has-text-color has-vivid-red-color\"><a href=\"https:\/\/ihp.crp.ufv.br\/wp-content\/uploads\/Anexo-II-REQUERIMENTO-DE-INSCRI\u00c7\u00c3O.docx\">Anexo II<\/a><\/p>\n\n\n\n<p>Inscri\u00e7\u00f5es: de 20\/10\/2023  <strong>at\u00e9 as 23h:59min do dia<\/strong> 26\/10\/2023<\/p>\n\n\n\n<p><strong>Data prov\u00e1vel de realiza\u00e7\u00e3o dos exames: a partir de 27\/10\/2023.<\/strong><\/p>\n\n\n\n<p class=\"has-text-color has-small-font-size has-very-dark-gray-color\"><a href=\"https:\/\/ihp.crp.ufv.br\/wp-content\/uploads\/Edital-04-2023-nivel-I-e-Nivel-II-RETIFICADO.pdf\">Edital 04\/2023<\/a> &#8211; retiticado &#8211; Encerrado<\/p>\n\n\n\n<p class=\"has-text-color has-small-font-size has-very-dark-gray-color\"><a href=\"https:\/\/ihp.crp.ufv.br\/wp-content\/uploads\/Edital-05-2023-nivel-I.pdf\">Edital 05\/2023 &#8211; Encerrado<\/a><\/p>\n\n\n\n<p><\/p>\n","protected":false},"excerpt":{"rendered":"<p>Edital 06\/2023 Anexo I &#8211; Edital 06\/2023 Anexo II Inscri\u00e7\u00f5es: de 20\/10\/2023 at\u00e9 as 23h:59min do dia 26\/10\/2023 Data prov\u00e1vel de realiza\u00e7\u00e3o dos exames: a partir de 27\/10\/2023. Edital 04\/2023 &#8211; retiticado &#8211; Encerrado Edital 05\/2023 &#8211; Encerrado<\/p>\n","protected":false},"author":6,"featured_media":0,"parent":2637,"menu_order":0,"comment_status":"closed","ping_status":"closed","template":"","meta":{"footnotes":""},"class_list":["post-2961","page","type-page","status-publish","hentry"],"_links":{"self":[{"href":"https:\/\/ihp.crp.ufv.br\/index.php?rest_route=\/wp\/v2\/pages\/2961","targetHints":{"allow":["GET"]}}],"collection":[{"href":"https:\/\/ihp.crp.ufv.br\/index.php?rest_route=\/wp\/v2\/pages"}],"about":[{"href":"https:\/\/ihp.crp.ufv.br\/index.php?rest_route=\/wp\/v2\/types\/page"}],"author":[{"embeddable":true,"href":"https:\/\/ihp.crp.ufv.br\/index.php?rest_route=\/wp\/v2\/users\/6"}],"replies":[{"embeddable":true,"href":"https:\/\/ihp.crp.ufv.br\/index.php?rest_route=%2Fwp%2Fv2%2Fcomments&post=2961"}],"version-history":[{"count":13,"href":"https:\/\/ihp.crp.ufv.br\/index.php?rest_route=\/wp\/v2\/pages\/2961\/revisions"}],"predecessor-version":[{"id":3076,"href":"https:\/\/ihp.crp.ufv.br\/index.php?rest_route=\/wp\/v2\/pages\/2961\/revisions\/3076"}],"up":[{"embeddable":true,"href":"https:\/\/ihp.crp.ufv.br\/index.php?rest_route=\/wp\/v2\/pages\/2637"}],"wp:attachment":[{"href":"https:\/\/ihp.crp.ufv.br\/index.php?rest_route=%2Fwp%2Fv2%2Fmedia&parent=2961"}],"curies":[{"name":"wp","href":"https:\/\/api.w.org\/{rel}","templated":true}]}}